{"id":3708,"date":"2020-07-27T07:55:26","date_gmt":"2020-07-27T07:55:26","guid":{"rendered":"http:\/\/www.radiolibre939.com\/?page_id=3708"},"modified":"2024-06-20T14:40:20","modified_gmt":"2024-06-20T14:40:20","slug":"prueba","status":"publish","type":"page","link":"https:\/\/www.radiolibre939.com\/?page_id=3708","title":{"rendered":"Nosotros"},"content":{"rendered":"<h2>Radio Libre<\/h2>\n<h5>Historia<\/h5>\n<p>El <strong>18 de enero del 2002<\/strong> se constituye la<strong> CIA. RASELDU SA,<\/strong> que bajo la representaci\u00f3n legal del I<strong>ng. Denis Cabrera Loaiza<\/strong> y como Socio el Accionista <strong>Econ. Williams O\u00f1ate<\/strong>, emprenden la dura tarea de solicitar una frecuencia de radio para servir a la provincia de Los R\u00edos.<\/p>\n<p>En abril del 2002 se env\u00eda la solicitud de frecuencia debidamente sustentada, la misma que es negada en agosto del mismo a\u00f1o, se vuelve a solicitar la frecuencia en julio del 2003 y se nos otorga la misma el 30 de junio del 2004, pero ante la ca\u00edda del gobierno de Lucio Guti\u00e9rrez se detiene el proceso y luego por una impugnaci\u00f3n mal fundada de otro medio de comunicaci\u00f3n se obtiene la escritura definitiva de <strong>uso de frecuencia el 13 de febrero del 2006<\/strong>.<\/p>\n<p><img fetchpriority=\"high\" decoding=\"async\" src=\"http:\/\/www.radiolibre939.com\/wp-content\/uploads\/2020\/09\/Historia-1.jpg\" sizes=\"(max-width: 1456px) 100vw, 1456px\" srcset=\"https:\/\/www.radiolibre939.com\/wp-content\/uploads\/2020\/09\/Historia-1.jpg 1456w, https:\/\/www.radiolibre939.com\/wp-content\/uploads\/2020\/09\/Historia-1-300x200.jpg 300w, https:\/\/www.radiolibre939.com\/wp-content\/uploads\/2020\/09\/Historia-1-1024x684.jpg 1024w, https:\/\/www.radiolibre939.com\/wp-content\/uploads\/2020\/09\/Historia-1-768x513.jpg 768w, https:\/\/www.radiolibre939.com\/wp-content\/uploads\/2020\/09\/Historia-1-370x247.jpg 370w, https:\/\/www.radiolibre939.com\/wp-content\/uploads\/2020\/09\/Historia-1-760x507.jpg 760w\" alt=\"\" width=\"1456\" height=\"972\" \/><br \/>\n<img decoding=\"async\" src=\"http:\/\/www.radiolibre939.com\/wp-content\/uploads\/2020\/09\/Historia-2-1024x682.jpg\" sizes=\"(max-width: 1024px) 100vw, 1024px\" srcset=\"https:\/\/www.radiolibre939.com\/wp-content\/uploads\/2020\/09\/Historia-2-1024x682.jpg 1024w, https:\/\/www.radiolibre939.com\/wp-content\/uploads\/2020\/09\/Historia-2-300x200.jpg 300w, https:\/\/www.radiolibre939.com\/wp-content\/uploads\/2020\/09\/Historia-2-768x512.jpg 768w, https:\/\/www.radiolibre939.com\/wp-content\/uploads\/2020\/09\/Historia-2-1536x1024.jpg 1536w, https:\/\/www.radiolibre939.com\/wp-content\/uploads\/2020\/09\/Historia-2-370x247.jpg 370w, https:\/\/www.radiolibre939.com\/wp-content\/uploads\/2020\/09\/Historia-2-760x507.jpg 760w, https:\/\/www.radiolibre939.com\/wp-content\/uploads\/2020\/09\/Historia-2.jpg 1634w\" alt=\"\" width=\"1024\" height=\"682\" \/><\/p>\n<p>Y es as\u00ed que el <strong>4 de agosto del 2006<\/strong> a las 21h20 emite por primera vez su se\u00f1al desde el <strong>cerro Cochabamba RADIO LIBRE 93.9 FM<\/strong>. Los acordes de la canci\u00f3n \u201cno puedo imaginarme tu grandeza\u201d del grupo cristiano Vertical, se escuchaban por primera vez en la citada frecuencia y los t\u00e9cnicos Gino Cruz y Miguel Cabrera junto al Ing. Denis Cabrera emprenden el descenso del cerro a la media noche de aquel tan recordado d\u00eda.<\/p>\n<p>Actualmente, Radio Libre 93.9 contin\u00faa emitiendo su se\u00f1al desde la Capital de la Provincia de Los R\u00edos, con <strong>el objetivo de informarte, divertirte y aprender con nosotros<\/strong>.<\/p>\n<h3>Nuestro Equipo<\/h3>\n<figure><img decoding=\"async\" src=\"http:\/\/www.radiolibre939.com\/wp-content\/uploads\/2020\/09\/Denis-cabrera.png\" sizes=\"(max-width: 500px) 100vw, 500px\" srcset=\"https:\/\/www.radiolibre939.com\/wp-content\/uploads\/2020\/09\/Denis-cabrera.png 500w, https:\/\/www.radiolibre939.com\/wp-content\/uploads\/2020\/09\/Denis-cabrera-300x300.png 300w, https:\/\/www.radiolibre939.com\/wp-content\/uploads\/2020\/09\/Denis-cabrera-150x150.png 150w, https:\/\/www.radiolibre939.com\/wp-content\/uploads\/2020\/09\/Denis-cabrera-370x370.png 370w, https:\/\/www.radiolibre939.com\/wp-content\/uploads\/2020\/09\/Denis-cabrera-90x90.png 90w\" alt=\"\" width=\"500\" height=\"500\" \/><\/figure>\n<h4>Ing. Denis Cabrera<\/h4>\n<p>Fundador y Locutor<\/p>\n<p>Siempre informando con la verdad. Me puedes oir de Lunes a Viernes en la emision del informativo de 06h00 a 08h00.<\/p>\n<p><a href=\"https:\/\/www.facebook.com\/Denis-Cabrera-Loaiza-108170764210645\" target=\"_blank\" rel=\"noopener noreferrer\"><br \/>\nFacebook-f<br \/>\n<\/a><br \/>\n<a href=\"https:\/\/twitter.com\/deniscabrera939\" target=\"_blank\" rel=\"noopener noreferrer\"><br \/>\nTwitter<br \/>\n<\/a><br \/>\n<a href=\"https:\/\/www.instagram.com\/deniscabrera63\/?hl=es-la\" target=\"_blank\" rel=\"noopener noreferrer\"><br \/>\nInstagram<br \/>\n<\/a><\/p>\n<figure><img loading=\"lazy\" decoding=\"async\" src=\"http:\/\/www.radiolibre939.com\/wp-content\/uploads\/2020\/09\/Yoli-Cabrera.png\" sizes=\"(max-width: 500px) 100vw, 500px\" srcset=\"https:\/\/www.radiolibre939.com\/wp-content\/uploads\/2020\/09\/Yoli-Cabrera.png 500w, https:\/\/www.radiolibre939.com\/wp-content\/uploads\/2020\/09\/Yoli-Cabrera-300x300.png 300w, https:\/\/www.radiolibre939.com\/wp-content\/uploads\/2020\/09\/Yoli-Cabrera-150x150.png 150w, https:\/\/www.radiolibre939.com\/wp-content\/uploads\/2020\/09\/Yoli-Cabrera-370x370.png 370w, https:\/\/www.radiolibre939.com\/wp-content\/uploads\/2020\/09\/Yoli-Cabrera-90x90.png 90w\" alt=\"\" width=\"500\" height=\"500\" \/><\/figure>\n<h3>Yoli Cabrera<\/h3>\n<p>Locutora<\/p>\n<p>\u00a1Puedo ser la voz que hable por tu marca!. Te acompa\u00f1o de Lunes a Viernes, desde muy temprano en el Informativo (06h15-08h00) y en Lib\u00e9rate (09h00-12h00).<\/p>\n<p><a href=\"https:\/\/www.facebook.com\/yolimarcabreragomez\" target=\"_blank\" rel=\"noopener noreferrer\"><br \/>\nFacebook-f<br \/>\n<\/a><br \/>\n<a href=\"https:\/\/www.instagram.com\/yolimarcabrera\/?hl=es-la\" target=\"_blank\" rel=\"noopener noreferrer\"><br \/>\nInstagram<br \/>\n<\/a><br \/>\n<a href=\"https:\/\/soundcloud.com\/yolimar-cabrera\" target=\"_blank\" rel=\"noopener noreferrer\"><br \/>\nSoundcloud<br \/>\n<\/a><\/p>\n<figure><img loading=\"lazy\" decoding=\"async\" class=\"\" src=\"http:\/\/www.radiolibre939.com\/wp-content\/uploads\/2020\/09\/Locutores.png\" sizes=\"(max-width: 500px) 100vw, 500px\" srcset=\"https:\/\/www.radiolibre939.com\/wp-content\/uploads\/2020\/09\/Locutores.png 500w, https:\/\/www.radiolibre939.com\/wp-content\/uploads\/2020\/09\/Locutores-300x300.png 300w, https:\/\/www.radiolibre939.com\/wp-content\/uploads\/2020\/09\/Locutores-150x150.png 150w, https:\/\/www.radiolibre939.com\/wp-content\/uploads\/2020\/09\/Locutores-370x370.png 370w, https:\/\/www.radiolibre939.com\/wp-content\/uploads\/2020\/09\/Locutores-90x90.png 90w\" alt=\"\" width=\"500\" height=\"500\" \/><\/figure>\n<h3>Jorge Vera<\/h3>\n<p>Locutor<\/p>\n<p>T\u00fa y yo tenemos una cita todas las tardes de Lunes a Viernes en Zona Libre de 15h00 a 17h00. \u00a1No te lo pierdas!<\/p>\n<p><a href=\"https:\/\/www.facebook.com\/JorgeVeraOficial\" target=\"_blank\" rel=\"noopener noreferrer\"><br \/>\nFacebook-f<br \/>\n<\/a><br \/>\n<a href=\"https:\/\/twitter.com\/Jorge_Jhorman?s=08\" target=\"_blank\" rel=\"noopener noreferrer\"><br \/>\nTwitter<br \/>\n<\/a><br \/>\n<a href=\"https:\/\/www.instagram.com\/jorge_jhorman\/?hl=es-la\" target=\"_blank\" rel=\"noopener noreferrer\"><br \/>\nInstagram<br \/>\n<\/a><br \/>\n<a href=\"https:\/\/www.youtube.com\/channel\/UC6HpwbhVc4uieRziXRbgLyQ\" target=\"_blank\" rel=\"noopener noreferrer\"><br \/>\nYoutube<br \/>\n<\/a><\/p>\n<h4>\u00a1Ofrecemos los mejores servicios!<\/h4>\n<p>Tenemos amplia experiencia en contenido sonoro para promocionar tu marca. Consulta nuestro portafolio de servicios, nuestros clientes y cotiza con nosotros \u00a1ahora!<\/p>\n<p><a role=\"button\" href=\"http:\/\/www.radiolibre939.com\/?page_id=3799\"><br \/>\nCat\u00e1logo de servicios<br \/>\n<\/a><\/p>\n<h2>\u00a1Queremos saber de ti! Cont\u00e1ctanos<\/h2>\n<p><a href=\"https:\/\/www.facebook.com\/radiolibre939\/\" target=\"_blank\" rel=\"noopener noreferrer\"><br \/>\nFacebook<br \/>\n<\/a><br \/>\n<a href=\"https:\/\/twitter.com\/RadioLibre9\" target=\"_blank\" rel=\"noopener noreferrer\"><br \/>\nTwitter<br \/>\n<\/a><br \/>\n<a href=\"https:\/\/www.youtube.com\/channel\/UCcedaKIEHUAEkrnSHZ6mVaA\" target=\"_blank\" rel=\"noopener noreferrer\"><br \/>\nYoutube<br \/>\n<\/a><br \/>\n<a href=\"https:\/\/www.instagram.com\/radiolibre93.9\/\" target=\"_blank\" rel=\"noopener noreferrer\"><br \/>\nInstagram<br \/>\n<\/a><br \/>\n<img loading=\"lazy\" decoding=\"async\" src=\"http:\/\/www.radiolibre939.com\/wp-content\/uploads\/2022\/03\/NUEVO-LOGO-CIRCULO-BLANCO.png\" sizes=\"(max-width: 4167px) 100vw, 4167px\" srcset=\"https:\/\/www.radiolibre939.com\/wp-content\/uploads\/2022\/03\/NUEVO-LOGO-CIRCULO-BLANCO.png 4167w, https:\/\/www.radiolibre939.com\/wp-content\/uploads\/2022\/03\/NUEVO-LOGO-CIRCULO-BLANCO-300x300.png 300w, https:\/\/www.radiolibre939.com\/wp-content\/uploads\/2022\/03\/NUEVO-LOGO-CIRCULO-BLANCO-1024x1024.png 1024w, https:\/\/www.radiolibre939.com\/wp-content\/uploads\/2022\/03\/NUEVO-LOGO-CIRCULO-BLANCO-150x150.png 150w, https:\/\/www.radiolibre939.com\/wp-content\/uploads\/2022\/03\/NUEVO-LOGO-CIRCULO-BLANCO-768x768.png 768w, https:\/\/www.radiolibre939.com\/wp-content\/uploads\/2022\/03\/NUEVO-LOGO-CIRCULO-BLANCO-1536x1536.png 1536w, https:\/\/www.radiolibre939.com\/wp-content\/uploads\/2022\/03\/NUEVO-LOGO-CIRCULO-BLANCO-2048x2048.png 2048w, https:\/\/www.radiolibre939.com\/wp-content\/uploads\/2022\/03\/NUEVO-LOGO-CIRCULO-BLANCO-370x370.png 370w, https:\/\/www.radiolibre939.com\/wp-content\/uploads\/2022\/03\/NUEVO-LOGO-CIRCULO-BLANCO-90x90.png 90w, https:\/\/www.radiolibre939.com\/wp-content\/uploads\/2022\/03\/NUEVO-LOGO-CIRCULO-BLANCO-500x500.png 500w, https:\/\/www.radiolibre939.com\/wp-content\/uploads\/2022\/03\/NUEVO-LOGO-CIRCULO-BLANCO-1500x1500.png 1500w, https:\/\/www.radiolibre939.com\/wp-content\/uploads\/2022\/03\/NUEVO-LOGO-CIRCULO-BLANCO-760x760.png 760w\" alt=\"\" width=\"4167\" height=\"4167\" \/><\/p>\n<form action=\"\/wp-admin\/admin-ajax.php#wpcf7-f3603-o1\" method=\"post\" novalidate=\"novalidate\"><input name=\"_wpcf7\" type=\"hidden\" value=\"3603\" \/><br \/>\n<input name=\"_wpcf7_version\" type=\"hidden\" value=\"5.2.1\" \/><br \/>\n<input name=\"_wpcf7_locale\" type=\"hidden\" value=\"es_ES\" \/><br \/>\n<input name=\"_wpcf7_unit_tag\" type=\"hidden\" value=\"wpcf7-f3603-o1\" \/><br \/>\n<input name=\"_wpcf7_container_post\" type=\"hidden\" value=\"0\" \/><br \/>\n<input name=\"_wpcf7_posted_data_hash\" type=\"hidden\" value=\"\" \/><\/p>\n<p><label>Nombre (obligatorio)<br \/>\n<input name=\"your-name\" size=\"40\" type=\"text\" value=\"\" aria-required=\"true\" aria-invalid=\"false\" \/> <\/label><br \/>\n<label> Correo Electr\u00f3nico (obligatorio)<br \/>\n<input name=\"your-email\" size=\"40\" type=\"email\" value=\"\" aria-required=\"true\" aria-invalid=\"false\" \/> <\/label><br \/>\n<label> Asunto<br \/>\n<input name=\"your-subject\" size=\"40\" type=\"text\" value=\"\" aria-invalid=\"false\" \/> <\/label><br \/>\n<label> Mensaje (obligatorio)<br \/>\n<textarea cols=\"40\" name=\"your-message\" rows=\"10\" aria-invalid=\"false\"><\/textarea> <\/label><\/p>\n<p><input type=\"submit\" value=\"Enviar\" \/><\/p>\n<\/form>\n","protected":false},"excerpt":{"rendered":"<p>Radio Libre Historia El 18 de enero del 2002 se constituye la CIA. RASELDU SA, que bajo la representaci\u00f3n legal del Ing. Denis Cabrera Loaiza y como Socio el Accionista [&hellip;]<\/p>\n","protected":false},"author":3,"featured_media":0,"parent":0,"menu_order":6,"comment_status":"closed","ping_status":"closed","template":"","meta":{"_EventAllDay":false,"_EventTimezone":"","_EventStartDate":"","_EventEndDate":"","_EventStartDateUTC":"","_EventEndDateUTC":"","_EventShowMap":false,"_EventShowMapLink":false,"_EventURL":"","_EventCost":"","_EventCostDescription":"","_EventCurrencySymbol":"","_EventCurrencyCode":"","_EventCurrencyPosition":"","_EventDateTimeSeparator":"","_EventTimeRangeSeparator":"","_EventOrganizerID":[],"_EventVenueID":[],"_OrganizerEmail":"","_OrganizerPhone":"","_OrganizerWebsite":"","_VenueAddress":"","_VenueCity":"","_VenueCountry":"","_VenueProvince":"","_VenueState":"","_VenueZip":"","_VenuePhone":"","_VenueURL":"","_VenueStateProvince":"","_VenueLat":"","_VenueLng":"","_VenueShowMap":false,"_VenueShowMapLink":false,"footnotes":""},"class_list":["post-3708","page","type-page","status-publish","hentry"],"_links":{"self":[{"href":"https:\/\/www.radiolibre939.com\/index.php?rest_route=\/wp\/v2\/pages\/3708","targetHints":{"allow":["GET"]}}],"collection":[{"href":"https:\/\/www.radiolibre939.com\/index.php?rest_route=\/wp\/v2\/pages"}],"about":[{"href":"https:\/\/www.radiolibre939.com\/index.php?rest_route=\/wp\/v2\/types\/page"}],"author":[{"embeddable":true,"href":"https:\/\/www.radiolibre939.com\/index.php?rest_route=\/wp\/v2\/users\/3"}],"replies":[{"embeddable":true,"href":"https:\/\/www.radiolibre939.com\/index.php?rest_route=%2Fwp%2Fv2%2Fcomments&post=3708"}],"version-history":[{"count":46,"href":"https:\/\/www.radiolibre939.com\/index.php?rest_route=\/wp\/v2\/pages\/3708\/revisions"}],"predecessor-version":[{"id":7371,"href":"https:\/\/www.radiolibre939.com\/index.php?rest_route=\/wp\/v2\/pages\/3708\/revisions\/7371"}],"wp:attachment":[{"href":"https:\/\/www.radiolibre939.com\/index.php?rest_route=%2Fwp%2Fv2%2Fmedia&parent=3708"}],"curies":[{"name":"wp","href":"https:\/\/api.w.org\/{rel}","templated":true}]}}